{"id":2,"date":"2023-01-25T12:32:10","date_gmt":"2023-01-25T12:32:10","guid":{"rendered":"https:\/\/canalinterno.colegioecheyde.com\/?page_id=2"},"modified":"2026-04-28T08:26:46","modified_gmt":"2026-04-28T08:26:46","slug":"pagina-principal","status":"publish","type":"page","link":"https:\/\/canalinterno.colegioecheyde.com\/","title":{"rendered":"Pagina Principal"},"content":{"rendered":"<p>[et_pb_section fb_built=\u00bb1&#8243; fullwidth=\u00bbon\u00bb admin_label=\u00bbHero\u00bb _builder_version=\u00bb4.16&#8243; background_image=\u00bbhttps:\/\/canalinterno.colegioecheyde.com\/wp-content\/uploads\/2025\/05\/hdgdgh.jpg\u00bb parallax=\u00bbon\u00bb custom_margin=\u00bb||51px|||\u00bb top_divider_style=\u00bbclouds2&#8243; top_divider_color=\u00bbrgba(255,255,255,0.3)\u00bb top_divider_height=\u00bb100%\u00bb bottom_divider_height=\u00bb30px\u00bb locked=\u00bboff\u00bb global_colors_info=\u00bb{}\u00bb][et_pb_fullwidth_header text_orientation=\u00bbcenter\u00bb _builder_version=\u00bb4.27.6&#8243; title_font=\u00bbRubik|700||on|||||\u00bb title_text_color=\u00bb#ff7355&#8243; title_font_size=\u00bb15px\u00bb title_letter_spacing=\u00bb5px\u00bb title_line_height=\u00bb2em\u00bb content_font=\u00bbRubik||||||||\u00bb content_font_size=\u00bb60px\u00bb content_line_height=\u00bb2em\u00bb subhead_font=\u00bbRubik|700|||||||\u00bb subhead_text_color=\u00bbrgba(0,0,0,0.8)\u00bb subhead_font_size=\u00bb50px\u00bb subhead_line_height=\u00bb1.4em\u00bb background_color=\u00bbrgba(255,255,255,0)\u00bb use_background_color_gradient=\u00bbon\u00bb background_color_gradient_stops=\u00bbrgba(255,255,255,0.7) 0%|#ffffff 100%\u00bb background_color_gradient_start=\u00bbrgba(255,255,255,0.7)\u00bb background_color_gradient_end=\u00bb#ffffff\u00bb background_size=\u00bbcontain\u00bb background_position=\u00bbbottom_center\u00bb background_layout=\u00bblight\u00bb width=\u00bb100%\u00bb max_width=\u00bb100%\u00bb filter_opacity=\u00bb60%\u00bb animation_style=\u00bbslide\u00bb animation_direction=\u00bbbottom\u00bb animation_intensity_slide=\u00bb1%\u00bb subhead_font_size_tablet=\u00bb\u00bb subhead_font_size_phone=\u00bb30px\u00bb subhead_font_size_last_edited=\u00bbon|phone\u00bb border_width_all=\u00bb3px\u00bb border_color_all=\u00bb#8300E9&#8243; border_style_all=\u00bbnone\u00bb text_shadow_style=\u00bbpreset1&#8243; button_one_border_radius_hover=\u00bb100px\u00bb button_two_border_radius_hover=\u00bb100px\u00bb button_one_bg_color_hover=\u00bb#ff8a70&#8243; button_two_bg_color_hover=\u00bb#ff8a70&#8243; global_colors_info=\u00bb{}\u00bb button_one_text_size__hover_enabled=\u00bboff\u00bb button_two_text_size__hover_enabled=\u00bboff\u00bb button_one_text_color__hover_enabled=\u00bboff\u00bb button_two_text_color__hover_enabled=\u00bboff\u00bb button_one_border_width__hover_enabled=\u00bboff\u00bb button_two_border_width__hover_enabled=\u00bboff\u00bb button_one_border_color__hover_enabled=\u00bboff\u00bb button_two_border_color__hover_enabled=\u00bboff\u00bb button_one_border_radius__hover_enabled=\u00bbon\u00bb button_one_border_radius__hover=\u00bb100px\u00bb button_two_border_radius__hover_enabled=\u00bbon\u00bb button_two_border_radius__hover=\u00bb100px\u00bb button_one_letter_spacing__hover_enabled=\u00bboff\u00bb button_two_letter_spacing__hover_enabled=\u00bboff\u00bb button_one_bg_color__hover_enabled=\u00bbon\u00bb button_one_bg_color__hover=\u00bb#ff8a70&#8243; button_two_bg_color__hover_enabled=\u00bbon\u00bb button_two_bg_color__hover=\u00bb#ff8a70&#8243;]<\/p>\n<p><strong>Canal interno de informaci\u00f3n<\/strong><\/p>\n<p>[\/et_pb_fullwidth_header][\/et_pb_section][et_pb_section fb_built=\u00bb1&#8243; admin_label=\u00bbEvents\u00bb _builder_version=\u00bb4.27.4&#8243; _module_preset=\u00bbdefault\u00bb background_color=\u00bbRGBA(255,255,255,0)\u00bb use_background_color_gradient=\u00bbon\u00bb background_color_gradient_direction=\u00bb90deg\u00bb background_color_gradient_stops=\u00bbrgba(255,255,255,0) 0%|rgba(255, 255, 255, 1) 0%|rgba(247, 243, 239, 1) 8%|#f5f0eb 85%|#ffffff 90%\u00bb background_color_gradient_start=\u00bb#f5f0eb\u00bb background_color_gradient_start_position=\u00bb82%\u00bb background_color_gradient_end=\u00bb#ffffff\u00bb background_color_gradient_end_position=\u00bb82%\u00bb global_colors_info=\u00bb{}\u00bb][et_pb_row _builder_version=\u00bb4.16&#8243; _module_preset=\u00bbdefault\u00bb global_colors_info=\u00bb{}\u00bb][et_pb_column type=\u00bb4_4&#8243; _builder_version=\u00bb4.16&#8243; _module_preset=\u00bbdefault\u00bb global_colors_info=\u00bb{}\u00bb][et_pb_text _builder_version=\u00bb4.27.6&#8243; _module_preset=\u00bb003e9429-8e11-4d9e-968b-8881092bbf81&#8243; header_2_font=\u00bbRoboto|500|||||||\u00bb header_2_text_align=\u00bbcenter\u00bb header_2_text_color=\u00bb#000000&#8243; header_2_font_size=\u00bb40px\u00bb header_2_line_height=\u00bb1.2em\u00bb header_2_font_size_tablet=\u00bb30px\u00bb header_2_font_size_phone=\u00bb20px\u00bb header_2_font_size_last_edited=\u00bbon|desktop\u00bb locked=\u00bboff\u00bb global_colors_info=\u00bb{}\u00bb]<\/p>\n<p><span style=\"font-weight: 400;\">En cumplimiento de la Ley 2\/2023, reguladora de la protecci\u00f3n de las personas que informen sobre infracciones normativas y de lucha contra la corrupci\u00f3n le informamos que Echeyde S.Coop. ha habilitado un espacio para el canal interno de informaci\u00f3n. Su finalidad es facilitar la comunicaci\u00f3n, de manera confidencial, de posibles casos de fraude u otras conducatas potencialemnte irregulares que pudieran producirse dentro de la entidad, con el objetivo de proceder a su correcci\u00f3n o reparaci\u00f3n.<\/span><\/p>\n<p><span style=\"font-weight: 400;\">El canal NO est\u00e1 dirigido a recoger denuncias relativas a conductas irregulares de otras entidades o en el marco de la actividad de otras entidades sean empresas, organizaciones o cualquier otro tipo de organizaci\u00f3n, sea cual sea su relaci\u00f3n con el . En su caso, estas denuncias deber\u00e1n dirigirse a los canales de denuncia de las entidades correspondientes.<\/span><\/p>\n<p><span style=\"font-weight: 400;\">Si tiene presentar una denuncia, complete el siguiente formulario. Por favor, guarde el c\u00f3digo reportado para poder consultar en todo momento el estado y resoluci\u00f3n de su comunicaci\u00f3n.<\/span><\/p>\n<p>[\/et_pb_text][\/et_pb_column][\/et_pb_row][\/et_pb_section][et_pb_section fb_built=\u00bb1&#8243; admin_label=\u00bbCall to Action\u00bb _builder_version=\u00bb4.27.4&#8243; _module_preset=\u00bbdefault\u00bb custom_padding=\u00bb0px||0px||true|false\u00bb animation_style=\u00bbzoom\u00bb global_colors_info=\u00bb{}\u00bb][et_pb_row column_structure=\u00bb1_2,1_2&#8243; _builder_version=\u00bb4.27.4&#8243; _module_preset=\u00bbdefault\u00bb min_height=\u00bb216px\u00bb custom_margin=\u00bb|auto|36px|auto||\u00bb custom_padding=\u00bb72px||38px|||\u00bb global_colors_info=\u00bb{}\u00bb][et_pb_column type=\u00bb1_2&#8243; _builder_version=\u00bb4.27.4&#8243; _module_preset=\u00bbdefault\u00bb global_colors_info=\u00bb{}\u00bb][et_pb_blurb url_new_window=\u00bbon\u00bb content_max_width=\u00bb554px\u00bb _builder_version=\u00bb4.27.6&#8243; _module_preset=\u00bbdefault\u00bb body_font=\u00bb||||||||\u00bb body_font_size=\u00bb22px\u00bb text_orientation=\u00bbcenter\u00bb min_height=\u00bb149px\u00bb custom_margin=\u00bb||15px|||\u00bb custom_padding=\u00bb55px||||false|false\u00bb link_option_url_new_window=\u00bbon\u00bb border_radii=\u00bboff|2px|2px|2px|2px\u00bb border_width_all=\u00bb2px\u00bb border_color_all=\u00bb#8300E9&#8243; box_shadow_style=\u00bbpreset4&#8243; global_colors_info=\u00bb{}\u00bb box_shadow_horizontal__hover_enabled=\u00bbon|desktop\u00bb]<\/p>\n<p style=\"text-align: center;\"><span style=\"color: #0a0a0a; font-size: large;\">Manual de uso del canal interno de informaci\u00f3n<\/span><\/p>\n<p><a href=\"https:\/\/canaldedenuncias.gsdeducacion.com\/doc\/12.01-201%20C%c3%93DIGO%20DE%20CONDUCTA%20GSD%2020240409.pdf\" target=\"_blank\" rel=\"noopener\" style=\"text-decoration: none; color: inherit;\"> <\/a><\/p>\n<p>[\/et_pb_blurb][\/et_pb_column][et_pb_column type=\u00bb1_2&#8243; _builder_version=\u00bb4.27.4&#8243; _module_preset=\u00bbdefault\u00bb global_colors_info=\u00bb{}\u00bb][et_pb_blurb url_new_window=\u00bbon\u00bb content_max_width=\u00bb554px\u00bb _builder_version=\u00bb4.27.6&#8243; _module_preset=\u00bbdefault\u00bb body_font=\u00bb||||||||\u00bb body_font_size=\u00bb22px\u00bb text_orientation=\u00bbcenter\u00bb min_height=\u00bb149px\u00bb custom_margin=\u00bb||15px|||\u00bb custom_padding=\u00bb55px||||false|false\u00bb link_option_url_new_window=\u00bbon\u00bb border_radii=\u00bboff|2px|2px|2px|2px\u00bb border_width_all=\u00bb2px\u00bb border_color_all=\u00bb#8300E9&#8243; box_shadow_style=\u00bbpreset4&#8243; global_colors_info=\u00bb{}\u00bb box_shadow_horizontal__hover_enabled=\u00bbon|desktop\u00bb]<\/p>\n<p style=\"text-align: center;\"><span style=\"color: #0a0a0a; font-size: large;\">Protocolo del sistema interno de informaci\u00f3n<\/span><\/p>\n<p><a href=\"https:\/\/canaldedenuncias.gsdeducacion.com\/doc\/12.01-201%20C%c3%93DIGO%20DE%20CONDUCTA%20GSD%2020240409.pdf\" target=\"_blank\" rel=\"noopener\" style=\"text-decoration: none; color: inherit;\"> <\/a><\/p>\n<p>[\/et_pb_blurb][\/et_pb_column][\/et_pb_row][et_pb_row _builder_version=\u00bb4.27.4&#8243; _module_preset=\u00bbdefault\u00bb custom_padding=\u00bb0px|||||\u00bb global_colors_info=\u00bb{}\u00bb][et_pb_column type=\u00bb4_4&#8243; _builder_version=\u00bb4.27.4&#8243; _module_preset=\u00bbdefault\u00bb global_colors_info=\u00bb{}\u00bb][et_pb_text _builder_version=\u00bb4.27.4&#8243; _module_preset=\u00bbdefault\u00bb custom_margin=\u00bb||14px|||\u00bb global_colors_info=\u00bb{}\u00bb]<\/p>\n<p style=\"text-align: center;\"><strong><span style=\"color: #ff0000;\">AVISO IMPORTANTE LEER LOS RECUADROS ANTES DE EMPEZAR EL FORMULARIO<\/span><\/strong><\/p>\n<p>[\/et_pb_text][\/et_pb_column][\/et_pb_row][et_pb_row _builder_version=\u00bb4.27.4&#8243; _module_preset=\u00bbdefault\u00bb custom_margin=\u00bb|auto|30px|auto||\u00bb custom_padding=\u00bb24px|||||\u00bb global_colors_info=\u00bb{}\u00bb][et_pb_column type=\u00bb4_4&#8243; _builder_version=\u00bb4.27.4&#8243; _module_preset=\u00bbdefault\u00bb global_colors_info=\u00bb{}\u00bb][et_pb_blurb url=\u00bbhttps:\/\/canalinterno.colegioecheyde.com\/?page_id=55&#038;preview=true\u00bb content_max_width=\u00bb602px\u00bb _builder_version=\u00bb4.27.6&#8243; _module_preset=\u00bbdefault\u00bb body_font=\u00bb||||||||\u00bb body_font_size=\u00bb32px\u00bb text_orientation=\u00bbcenter\u00bb width=\u00bb100%\u00bb max_width=\u00bb100%\u00bb module_alignment=\u00bbcenter\u00bb min_height=\u00bb155px\u00bb custom_padding=\u00bb0px||0px|||\u00bb link_option_url=\u00bbhttps:\/\/canalinterno.colegioecheyde.com\/?page_id=55&#038;preview=true\u00bb hover_enabled=\u00bb0&#8243; border_radii=\u00bboff|2px|2px|2px|2px\u00bb border_width_all=\u00bb2px\u00bb border_color_all=\u00bb#8300E9&#8243; box_shadow_style=\u00bbpreset4&#8243; locked=\u00bboff\u00bb global_colors_info=\u00bb{}\u00bb box_shadow_horizontal__hover_enabled=\u00bbon|desktop\u00bb sticky_enabled=\u00bb0&#8243;]<\/p>\n<p style=\"text-align: center;\"><span style=\"color: #000000;\"><strong><\/strong><\/span><\/p>\n<p style=\"text-align: center;\"><strong style=\"font-size: 32px;\"><span style=\"color: #000000;\"><i><\/i><\/span><\/strong><\/p>\n<p style=\"text-align: center;\"><strong style=\"font-size: 32px;\"><span style=\"color: #000000;\"><i>Canal interno de informaci\u00f3n<\/i><\/span><\/strong><\/p>\n<p>[\/et_pb_blurb][\/et_pb_column][\/et_pb_row][\/et_pb_section]<\/p>\n","protected":false},"excerpt":{"rendered":"<p>Canal interno de informaci\u00f3nEn cumplimiento de la Ley 2\/2023, reguladora de la protecci\u00f3n de las personas que informen sobre infracciones normativas y de lucha contra la corrupci\u00f3n le informamos que Echeyde S.Coop. ha habilitado un espacio para el canal interno de informaci\u00f3n. Su finalidad es facilitar la comunicaci\u00f3n, de manera confidencial, de posibles casos de [&hellip;]<\/p>\n","protected":false},"author":1,"featured_media":0,"parent":0,"menu_order":1,"comment_status":"closed","ping_status":"closed","template":"","meta":{"_et_pb_use_builder":"on","_et_pb_old_content":"<!-- wp:paragraph -->\n<p>This is an example page. It's different from a blog post because it will stay in one place and will show up in your site navigation (in most themes). Most people start with an About page that introduces them to potential site visitors. It might say something like this:<\/p>\n<!-- \/wp:paragraph -->\n\n<!-- wp:quote -->\n<blockquote class=\"wp-block-quote\"><p>Hi there! I'm a bike messenger by day, aspiring actor by night, and this is my website. I live in Los Angeles, have a great dog named Jack, and I like pi&#241;a coladas. (And gettin' caught in the rain.)<\/p><\/blockquote>\n<!-- \/wp:quote -->\n\n<!-- wp:paragraph -->\n<p>...or something like this:<\/p>\n<!-- \/wp:paragraph -->\n\n<!-- wp:quote -->\n<blockquote class=\"wp-block-quote\"><p>The XYZ Doohickey Company was founded in 1971, and has been providing quality doohickeys to the public ever since. Located in Gotham City, XYZ employs over 2,000 people and does all kinds of awesome things for the Gotham community.<\/p><\/blockquote>\n<!-- \/wp:quote -->\n\n<!-- wp:paragraph -->\n<p>As a new WordPress user, you should go to <a href=\"https:\/\/canalinterno.colegioecheyde.com\/wp-admin\/\">your dashboard<\/a> to delete this page and create new pages for your content. Have fun!<\/p>\n<!-- \/wp:paragraph -->","_et_gb_content_width":"","footnotes":""},"class_list":["post-2","page","type-page","status-publish","hentry"],"_links":{"self":[{"href":"https:\/\/canalinterno.colegioecheyde.com\/index.php\/wp-json\/wp\/v2\/pages\/2","targetHints":{"allow":["GET"]}}],"collection":[{"href":"https:\/\/canalinterno.colegioecheyde.com\/index.php\/wp-json\/wp\/v2\/pages"}],"about":[{"href":"https:\/\/canalinterno.colegioecheyde.com\/index.php\/wp-json\/wp\/v2\/types\/page"}],"author":[{"embeddable":true,"href":"https:\/\/canalinterno.colegioecheyde.com\/index.php\/wp-json\/wp\/v2\/users\/1"}],"replies":[{"embeddable":true,"href":"https:\/\/canalinterno.colegioecheyde.com\/index.php\/wp-json\/wp\/v2\/comments?post=2"}],"version-history":[{"count":23,"href":"https:\/\/canalinterno.colegioecheyde.com\/index.php\/wp-json\/wp\/v2\/pages\/2\/revisions"}],"predecessor-version":[{"id":302,"href":"https:\/\/canalinterno.colegioecheyde.com\/index.php\/wp-json\/wp\/v2\/pages\/2\/revisions\/302"}],"wp:attachment":[{"href":"https:\/\/canalinterno.colegioecheyde.com\/index.php\/wp-json\/wp\/v2\/media?parent=2"}],"curies":[{"name":"wp","href":"https:\/\/api.w.org\/{rel}","templated":true}]}}